{"id":97,"date":"2023-09-05T23:02:02","date_gmt":"2023-09-05T23:02:02","guid":{"rendered":"http:\/\/www.izbaregionalna.pl\/?page_id=97"},"modified":"2024-01-19T19:33:59","modified_gmt":"2024-01-19T19:33:59","slug":"historia-rodziny-magierow","status":"publish","type":"page","link":"https:\/\/www.izbaregionalna.pl\/index.php\/historia-rodziny-magierow\/","title":{"rendered":"Historia Rodziny Magier\u00f3w"},"content":{"rendered":"\n<p>Historia rodziny Magier\u00f3w si\u0119ga pocz\u0105tk\u00f3w XX wieku. Jan Gasi\u0144ski wraz z \u017con\u0105 Barbar\u0105 przyjecha\u0142 do Brzezinki z Prus, tutaj zakupi\u0142 15 morg\u00f3w pola i wsp\u00f3lnie z bratem Piotrem Gasi\u0144skim wybudowa\u0142 drewniany dom w kt\u00f3rym zamieszka\u0142. Rodzina utrzymywa\u0142a si\u0119 z pracy na roli. Gasi\u0144scy mieli dwa konie, s\u0142u\u017c\u0105c\u0105&nbsp; Hank\u0119 (Ann\u0119 Mrzyg\u0142\u00f3d) oraz sezonowo najmowali do pracy w polu mieszka\u0144c\u00f3w Brzezinki Dolnej po\u0142o\u017conej u st\u00f3p Z\u0142otej G\u00f3rki oraz mieszka\u0144c\u00f3w Brzezinki G\u00f3rnej znajduj\u0105cej si\u0119 na polanach po\u0142o\u017conych wok\u00f3\u0142 szczytu.<\/p>\n\n\n\n<p>\u00a0\u00a0\u00a0\u00a0\u00a0\u00a0\u00a0\u00a0\u00a0\u00a0\u00a0 \u00a0W zwi\u0105zku z tym, \u017ce Jan Gasi\u0144ski umia\u0142 czyta\u0107 i pisa\u0107 zosta\u0142 wybrany na w\u00f3jta wsi, kt\u00f3rym pozosta\u0142 przez ponad trzydzie\u015bci lat. By\u0142 \u00a0bardzo szanowany przez s\u0105siad\u00f3w oraz \u00a0mieszka\u0144c\u00f3w miejscowo\u015bci i dlatego kilkadziesi\u0105t razy \u201eproszono go na kumotra&#8221;. Mia\u0142 ponad trzydziestu chrze\u015bniak\u00f3w. Niestety nie posiada\u0142 w\u0142asnego potomstwa. Zdecydowa\u0142 wi\u0119c, \u017ce uda si\u0119 na pielgrzymk\u0119 do \u015bwi\u0119tego miejsca w\u0142a\u015bnie w tej\u00a0 intencji.\u00a0 W\u0119drowa\u0142 kilka miesi\u0119cy, w wi\u0119kszo\u015bci\u00a0 pieszo, a\u017c dotar\u0142 do\u00a0 Rzymu. Po powrocie opowiada\u0142, \u017ce widzia\u0142 papie\u017ca. Z wdzi\u0119czno\u015bci za bezpieczny i szcz\u0119\u015bliwy powr\u00f3t do domu ufundowa\u0142 i wybudowa\u0142 przydro\u017cn\u0105 figur\u0119, kt\u00f3ra obecnie znajduje si\u0119 przy ulicy \u0179r\u00f3dlanej i jest opiekowana przez dzisiejszych potomk\u00f3w pra, pra dziadka.<\/p>\n\n\n\n<p>&nbsp;&nbsp;&nbsp;&nbsp;&nbsp;&nbsp;&nbsp;&nbsp;&nbsp;&nbsp;&nbsp; Na pocz\u0105tku lat dwudziestych XX wieku, wydarzy\u0142a si\u0119 tragedia: m\u0142odszy brat &nbsp;Jana \u201em\u0142odo&#8221; zmar\u0142, a bratowa tragicznie uton\u0119\u0142a w Wieprz\u00f3wce podczas letniej powodzi, tym samym ma\u0142a Francka zosta\u0142a sierot\u0105. Dziewczynk\u0119 oddano pod opiek\u0105 stryja Jana &#8211; \u00f3wczesnego w\u00f3jta Brzezinki. Franciszka kiedy doros\u0142a wysz\u0142a za m\u0105\u017c za Micha\u0142a Magier\u0119 z s\u0105siedniej wsi i odt\u0105d odziedziczy\u0142a gospodarstwo po swoich&nbsp; przybranych rodzicach.<\/p>\n\n\n\n<p>&nbsp;&nbsp;&nbsp;&nbsp;&nbsp;&nbsp;&nbsp;&nbsp;&nbsp;&nbsp;&nbsp; Jan Gasi\u0144ski pozostawi\u0142, jak na \u00f3wczesne czasy, nowoczesne gospodarstwo, poniewa\u017c w uprawie ro\u015blin stosowa\u0142 p\u0142odozmian, zasadzi\u0142 sad odmianami szczepionych drzew owocowych. Sadzonki dla siebie i s\u0105siad\u00f3w przywi\u00f3z\u0142 furmank\u0105 z Czarnego Pr\u0105dnika za Krakowem. Od tej pory Brzezinianie hodowali &nbsp;r\u00f3\u017cne odmiany jab\u0142ek tj.: zimowe groch\u00f3wki, szar\u0105 i z\u0142ot\u0105 renet\u0119, cytryn\u00f3wk\u0119, oliwk\u0119, papier\u00f3wki, boskopy a tak\u017ce deserowe odmiany: kr\u00f3low\u0105 renet, cesarza Wilhelma i lancbersk\u0105. S\u0142odkie koksy, lizy, lindy i malin\u00f3wki r\u00f3wnie\u017c i dzi\u015b bardzo dobrze smakuj\u0105. W dziadkowym sadzie nie zabrak\u0142o \u015bliw: w\u0119gierek, cz\u0119stochowskich i &nbsp;mirabelek.<\/p>\n\n\n\n<p>\u00a0\u00a0\u00a0\u00a0\u00a0\u00a0\u00a0\u00a0\u00a0\u00a0\u00a0 \u00a0M\u00f3j pra dziadek Jan Gasi\u0144ski za\u0142o\u017cy\u0142 jedno z pierwszych w okolicy K\u00f3\u0142ek Rolniczych i sprowadzi\u0142 \u00a0do wypo\u017cyczania na wie\u015b: austryjacki tryjer i sieczkarni\u0119 r\u0119czn\u0105. Wsp\u00f3lnie z \u201eGmin\u0105&#8221; w Andrychowie oraz mieszka\u0144cami wsi wybudowa\u0142 na swojej dzia\u0142ce pierwsz\u0105 szko\u0142\u0119 w Brzezince. Jego marzenie spe\u0142ni\u0142o si\u0119 kiedy zako\u0144czy\u0142a si\u0119 budowa kolejnego obiektu, r\u00f3wnie\u017c po\u0142o\u017cnego na jego polu. By\u0142 to, do dzisiaj istniej\u0105cy i funkcjonuj\u0105cy budynek, potocznie zwany K\u00f3\u0142kiem. K\u00f3\u0142ko mie\u015bci\u0142o w swych murach wiejski sklep i du\u017c\u0105 sal\u0119 s\u0142u\u017c\u0105c\u0105 na pota\u0144c\u00f3wki i wystawianie na scenie tzw. sztuczek. W\u00f3wczas we wsi pr\u0119\u017cnie dzia\u0142a\u0142o\u00a0 Ko\u0142o Gospody\u0144 Wiejskich i K\u00f3\u0142ko Rolnicze za\u0142o\u017cone przez\u00a0 mojego pra dziadka. Po II wojnie w piwnicach budynku znajdowa\u0142a si\u0119 zlewnia mleka dla pobliskiej mleczarni w Wieprzu. Dawny w\u00f3jt miejscowo\u015bci chcia\u0142, aby we wsi by\u0142a biblioteka i aby dzieci mog\u0142y wyst\u0119powa\u0107 na scenie, a doro\u015bli spotykali si\u0119 nie tylko na sobotnich pota\u0144c\u00f3wkach. Tak si\u0119 te\u017c dzia\u0142o przez ponad sto lat.<\/p>\n\n\n\n<p>&nbsp;&nbsp;&nbsp;&nbsp;&nbsp;&nbsp;&nbsp;&nbsp;&nbsp;&nbsp;&nbsp; Franciszka i Micha\u0142 Magiera mieli pi\u0119cioro dzieci. Czterech syn\u00f3w: Jana, W\u0142adys\u0142awa, J\u00f3zefa, Karola i c\u00f3rk\u0119 Helen\u0119.&nbsp; J\u00f3zef o\u017ceni\u0142 si\u0119 z siedemnastoletni\u0105 Marysi\u0105 Walusiak\u00f3wn\u0105 pochodz\u0105c\u0105 z Roczyn. Jego narzeczona mieszka\u0142a \u201ePod G\u00f3rami&#8221;, a po \u015blubie zamieszka\u0142a ze swoj\u0105 rodzin\u0105 w nowo wybudowanym domu pod numerem 102 w Brzezince.<\/p>\n\n\n\n<p>\u00a0\u00a0\u00a0\u00a0\u00a0\u00a0\u00a0\u00a0\u00a0\u00a0\u00a0 Obecnie drewniany budynek znajduj\u0119 si\u0119 przy ulicy Granicznej 48. To w nim, w latach siedemdziesi\u0105tych XX wieku, za\u0142o\u017cona zosta\u0142a przez Mari\u0119 Magiera Izba Regionalna rodziny Magier\u00f3w b\u0119d\u0105ca kontynuacj\u0105 \u00a0marze\u0144 Jana Gasi\u0144skiego. Rodzinn\u0105 spu\u015bcizn\u0105 opiekuj\u0119 si\u0119 od 2005 roku. \u00a0Udost\u0119pniam bogaty dorobek artystyczny mamy oraz w oparciu o obrazy opowiadam zwiedzaj\u0105cym o\u00a0 dawnym \u017cyciu\u00a0\u00a0 ludzi i ich ci\u0119\u017ckiej pracy na roli. Go\u015bci przyjmuj\u0119 w stroju krakowskim nawi\u0105zuj\u0105c do tradycji i kultury Podbeskidzia.<\/p>\n\n\n\n<p>Barbara Badowska<\/p>\n","protected":false},"excerpt":{"rendered":"<p>Historia rodziny Magier\u00f3w si\u0119ga pocz\u0105tk\u00f3w XX wieku. Jan Gasi\u0144ski wraz z \u017con\u0105 Barbar\u0105 przyjecha\u0142 do Brzezinki z Prus, tutaj zakupi\u0142 15 morg\u00f3w pola i wsp\u00f3lnie z bratem Piotrem Gasi\u0144skim wybudowa\u0142 drewniany dom w kt\u00f3rym zamieszka\u0142. Rodzina utrzymywa\u0142a si\u0119 z pracy na roli. Gasi\u0144scy mieli dwa konie, s\u0142u\u017c\u0105c\u0105&nbsp; Hank\u0119 (Ann\u0119 Mrzyg\u0142\u00f3d) oraz sezonowo najmowali do pracy [&hellip;]<\/p>\n","protected":false},"author":1,"featured_media":99,"parent":0,"menu_order":0,"comment_status":"closed","ping_status":"closed","template":"","meta":{"footnotes":""},"class_list":["post-97","page","type-page","status-publish","has-post-thumbnail","hentry"],"_links":{"self":[{"href":"https:\/\/www.izbaregionalna.pl\/index.php\/wp-json\/wp\/v2\/pages\/97","targetHints":{"allow":["GET"]}}],"collection":[{"href":"https:\/\/www.izbaregionalna.pl\/index.php\/wp-json\/wp\/v2\/pages"}],"about":[{"href":"https:\/\/www.izbaregionalna.pl\/index.php\/wp-json\/wp\/v2\/types\/page"}],"author":[{"embeddable":true,"href":"https:\/\/www.izbaregionalna.pl\/index.php\/wp-json\/wp\/v2\/users\/1"}],"replies":[{"embeddable":true,"href":"https:\/\/www.izbaregionalna.pl\/index.php\/wp-json\/wp\/v2\/comments?post=97"}],"version-history":[{"count":3,"href":"https:\/\/www.izbaregionalna.pl\/index.php\/wp-json\/wp\/v2\/pages\/97\/revisions"}],"predecessor-version":[{"id":256,"href":"https:\/\/www.izbaregionalna.pl\/index.php\/wp-json\/wp\/v2\/pages\/97\/revisions\/256"}],"wp:featuredmedia":[{"embeddable":true,"href":"https:\/\/www.izbaregionalna.pl\/index.php\/wp-json\/wp\/v2\/media\/99"}],"wp:attachment":[{"href":"https:\/\/www.izbaregionalna.pl\/index.php\/wp-json\/wp\/v2\/media?parent=97"}],"curies":[{"name":"wp","href":"https:\/\/api.w.org\/{rel}","templated":true}]}}